{"id":35,"date":"2023-10-27T14:13:01","date_gmt":"2023-10-27T18:13:01","guid":{"rendered":"https:\/\/hdgolf.dev.local\/homefr\/"},"modified":"2024-09-18T13:56:30","modified_gmt":"2024-09-18T17:56:30","slug":"homefr","status":"publish","type":"page","link":"https:\/\/hdsportsuite.com\/fr\/","title":{"rendered":"La r\u00e9f\u00e9rence par excellence en mati\u00e8re de simulation"},"content":{"rendered":"\n<p>Les simulateurs HD\u00a0SportSuite sont le summum de l\u2019\u00e9l\u00e9gance, de la qualit\u00e9 de construction et de l\u2019int\u00e9gration technologique. Notre exp\u00e9rience de sports multiple offre aux utilisateurs une immersion remarquable\u00a0: jouez sur votre parcours pr\u00e9f\u00e9r\u00e9, frappez la balle au loin sur un terrain de baseball ou faites un tir de r\u00e9paration ultra pr\u00e9cis. Quoi que vous d\u00e9siriez, HD\u00a0SportSuite vous offre des loisirs illimit\u00e9s depuis le confort de votre maison ou de votre entreprise. <\/p>\n\n\n\n<p>Notre d\u00e9vouement in\u00e9branlable en mati\u00e8re de qualit\u00e9 et notre attention rigoureuse aux d\u00e9tails garantissent \u00e0 votre famille enti\u00e8re des ann\u00e9es de plaisir. Nous sommes impatients de d\u00e9passer vos attentes gr\u00e2ce \u00e0 la qualit\u00e9 in\u00e9gal\u00e9e de notre syst\u00e8me, \u00e0 ses excellentes performances et \u00e0 sa remarquable fiabilit\u00e9. Gr\u00e2ce \u00e0 notre garantie de deux ans, la meilleure du secteur, nous nous portons garants de votre simulateur de sport virtuel HD\u00a0SportSuite.<\/p>\n\n\n\n<div class=\"wp-block-buttons mobile-only is-content-justification-center is-layout-flex wp-container-core-buttons-is-layout-16018d1d wp-block-buttons-is-layout-flex\">\n<div class=\"wp-block-button\"><a class=\"wp-block-button__link wp-element-button\" href=\"\/fr\/communiquez\/ventes\/\">Communiquez avec nous<\/a><\/div>\n<\/div>\n","protected":false},"excerpt":{"rendered":"<p>Les simulateurs HD\u00a0SportSuite sont le summum de l\u2019\u00e9l\u00e9gance, de la qualit\u00e9 de construction et de l\u2019int\u00e9gration technologique. Notre exp\u00e9rience de sports multiple offre aux utilisateurs une immersion remarquable\u00a0: jouez sur votre parcours pr\u00e9f\u00e9r\u00e9, frappez la balle au loin sur un terrain de baseball ou faites un tir de r\u00e9paration ultra pr\u00e9cis. Quoi que vous d\u00e9siriez, [&hellip;]<\/p>\n","protected":false},"author":1,"featured_media":51159,"parent":0,"menu_order":11,"comment_status":"closed","ping_status":"closed","template":"","meta":{"_acf_changed":false,"footnotes":""},"class_list":["post-35","page","type-page","status-publish","has-post-thumbnail","hentry"],"acf":[],"_links":{"self":[{"href":"https:\/\/hdsportsuite.com\/fr\/wp-json\/wp\/v2\/pages\/35","targetHints":{"allow":["GET"]}}],"collection":[{"href":"https:\/\/hdsportsuite.com\/fr\/wp-json\/wp\/v2\/pages"}],"about":[{"href":"https:\/\/hdsportsuite.com\/fr\/wp-json\/wp\/v2\/types\/page"}],"author":[{"embeddable":true,"href":"https:\/\/hdsportsuite.com\/fr\/wp-json\/wp\/v2\/users\/1"}],"replies":[{"embeddable":true,"href":"https:\/\/hdsportsuite.com\/fr\/wp-json\/wp\/v2\/comments?post=35"}],"version-history":[{"count":0,"href":"https:\/\/hdsportsuite.com\/fr\/wp-json\/wp\/v2\/pages\/35\/revisions"}],"wp:featuredmedia":[{"embeddable":true,"href":"https:\/\/hdsportsuite.com\/fr\/wp-json\/wp\/v2\/media\/51159"}],"wp:attachment":[{"href":"https:\/\/hdsportsuite.com\/fr\/wp-json\/wp\/v2\/media?parent=35"}],"curies":[{"name":"wp","href":"https:\/\/api.w.org\/{rel}","templated":true}]}}