{"id":48149,"date":"2023-12-05T19:04:37","date_gmt":"2023-12-06T00:04:37","guid":{"rendered":"https:\/\/hdsportsuite.com\/why-hd-golf\/"},"modified":"2024-09-19T16:23:42","modified_gmt":"2024-09-19T20:23:42","slug":"pourquoi-hd-sportsuite","status":"publish","type":"page","link":"https:\/\/hdsportsuite.com\/fr\/pourquoi-hd-sportsuite\/","title":{"rendered":"D\u00e9couvrez Notre Simulateur R\u00e9volutionnaire."},"content":{"rendered":"\n<h2 class=\"wp-block-heading\">Une technologie exclusive \u00e0 la pointe du secteur.<\/h2>\n\n\n\n<p>Ce qui fait la diff\u00e9rence, c\u2019est l\u2019attention que nous portons au moindre d\u00e9tail. Notre technologie pionni\u00e8re de vision par ordinateur est si pr\u00e9cise que vous pouvez suivre vos statistiques \u00e0 0,1\u00a0degr\u00e9 pr\u00e8s. Notre logiciel de mod\u00e9lisation 3D r\u00e9volutionnaire int\u00e8gre des donn\u00e9es sportives r\u00e9elles si d\u00e9taill\u00e9es que vous aurez l\u2019impression de jouer sur place.<\/p>\n\n\n\n<div class=\"wp-block-buttons is-layout-flex wp-block-buttons-is-layout-flex\">\n<div class=\"wp-block-button\"><a class=\"wp-block-button__link wp-element-button\" href=\"\/fr\/communiquez\/\">Communiquez Avec Nous<\/a><\/div>\n<\/div>\n","protected":false},"excerpt":{"rendered":"<p>Une technologie exclusive \u00e0 la pointe du secteur. Ce qui fait la diff\u00e9rence, c\u2019est l\u2019attention que nous portons au moindre d\u00e9tail. Notre technologie pionni\u00e8re de vision par ordinateur est si pr\u00e9cise que vous pouvez suivre vos statistiques \u00e0 0,1\u00a0degr\u00e9 pr\u00e8s. Notre logiciel de mod\u00e9lisation 3D r\u00e9volutionnaire int\u00e8gre des donn\u00e9es sportives r\u00e9elles si d\u00e9taill\u00e9es que vous [&hellip;]<\/p>\n","protected":false},"author":2,"featured_media":2783,"parent":0,"menu_order":21,"comment_status":"closed","ping_status":"closed","template":"page-top-level.php","meta":{"_acf_changed":false,"footnotes":""},"class_list":["post-48149","page","type-page","status-publish","has-post-thumbnail","hentry"],"acf":[],"_links":{"self":[{"href":"https:\/\/hdsportsuite.com\/fr\/wp-json\/wp\/v2\/pages\/48149","targetHints":{"allow":["GET"]}}],"collection":[{"href":"https:\/\/hdsportsuite.com\/fr\/wp-json\/wp\/v2\/pages"}],"about":[{"href":"https:\/\/hdsportsuite.com\/fr\/wp-json\/wp\/v2\/types\/page"}],"author":[{"embeddable":true,"href":"https:\/\/hdsportsuite.com\/fr\/wp-json\/wp\/v2\/users\/2"}],"replies":[{"embeddable":true,"href":"https:\/\/hdsportsuite.com\/fr\/wp-json\/wp\/v2\/comments?post=48149"}],"version-history":[{"count":0,"href":"https:\/\/hdsportsuite.com\/fr\/wp-json\/wp\/v2\/pages\/48149\/revisions"}],"wp:featuredmedia":[{"embeddable":true,"href":"https:\/\/hdsportsuite.com\/fr\/wp-json\/wp\/v2\/media\/2783"}],"wp:attachment":[{"href":"https:\/\/hdsportsuite.com\/fr\/wp-json\/wp\/v2\/media?parent=48149"}],"curies":[{"name":"wp","href":"https:\/\/api.w.org\/{rel}","templated":true}]}}