{"id":48171,"date":"2023-12-05T19:07:48","date_gmt":"2023-12-06T00:07:48","guid":{"rendered":"https:\/\/hdsportsuite.com\/news\/"},"modified":"2024-09-26T09:28:18","modified_gmt":"2024-09-26T13:28:18","slug":"actualites","status":"publish","type":"page","link":"https:\/\/hdsportsuite.com\/fr\/actualites\/","title":{"rendered":"Actualit\u00e9s"},"content":{"rendered":"\n<h2 class=\"wp-block-heading\">Toutes les derni\u00e8res nouvelles et mises \u00e0 jour.<\/h2>\n\n\n\n<p>D\u00e9couvrez les nouveaux athl\u00e8tes, les nouveaux parcours et les nouvelles fonctionnalit\u00e9s de l\u2019univers de HD Golf.<\/p>\n","protected":false},"excerpt":{"rendered":"<p>Toutes les derni\u00e8res nouvelles et mises \u00e0 jour. D\u00e9couvrez les nouveaux athl\u00e8tes, les nouveaux parcours et les nouvelles fonctionnalit\u00e9s de l\u2019univers de HD Golf.<\/p>\n","protected":false},"author":2,"featured_media":51768,"parent":0,"menu_order":12,"comment_status":"closed","ping_status":"closed","template":"page-top-level.php","meta":{"_acf_changed":false,"footnotes":""},"class_list":["post-48171","page","type-page","status-publish","has-post-thumbnail","hentry"],"acf":[],"_links":{"self":[{"href":"https:\/\/hdsportsuite.com\/fr\/wp-json\/wp\/v2\/pages\/48171","targetHints":{"allow":["GET"]}}],"collection":[{"href":"https:\/\/hdsportsuite.com\/fr\/wp-json\/wp\/v2\/pages"}],"about":[{"href":"https:\/\/hdsportsuite.com\/fr\/wp-json\/wp\/v2\/types\/page"}],"author":[{"embeddable":true,"href":"https:\/\/hdsportsuite.com\/fr\/wp-json\/wp\/v2\/users\/2"}],"replies":[{"embeddable":true,"href":"https:\/\/hdsportsuite.com\/fr\/wp-json\/wp\/v2\/comments?post=48171"}],"version-history":[{"count":0,"href":"https:\/\/hdsportsuite.com\/fr\/wp-json\/wp\/v2\/pages\/48171\/revisions"}],"wp:featuredmedia":[{"embeddable":true,"href":"https:\/\/hdsportsuite.com\/fr\/wp-json\/wp\/v2\/media\/51768"}],"wp:attachment":[{"href":"https:\/\/hdsportsuite.com\/fr\/wp-json\/wp\/v2\/media?parent=48171"}],"curies":[{"name":"wp","href":"https:\/\/api.w.org\/{rel}","templated":true}]}}