{"id":48661,"date":"2023-12-10T02:54:38","date_gmt":"2023-12-10T07:54:38","guid":{"rendered":"https:\/\/hdsportsuite.com\/why-hd-golf\/testimonials\/"},"modified":"2025-03-31T11:37:57","modified_gmt":"2025-03-31T15:37:57","slug":"temoignages","status":"publish","type":"page","link":"https:\/\/hdsportsuite.com\/fr\/pourquoi-hd-sportsuite\/temoignages\/","title":{"rendered":"T\u00e9moignages"},"content":{"rendered":"\n<h2 class=\"wp-block-heading\">Ce que disent nos clients<\/h2>\n\n\n\n<p>L\u2019exp\u00e9rience la plus immersive et la plus r\u00e9aliste, ainsi que la publication constante de nouvelles options, font de HD&nbsp;SportSuite un succ\u00e8s international. Nos clients am\u00e9liorent leur jeu dans tous les domaines.<\/p>\n\n\n\n<div class=\"wp-block-buttons is-layout-flex wp-block-buttons-is-layout-flex\">\n<div class=\"wp-block-button\"><a class=\"wp-block-button__link wp-element-button\" href=\"https:\/\/hdsportsuite.com\/fr\/communiquez\/ventes\/\">Communiquez avec nous<\/a><\/div>\n<\/div>\n","protected":false},"excerpt":{"rendered":"<p>Ce que disent nos clients L\u2019exp\u00e9rience la plus immersive et la plus r\u00e9aliste, ainsi que la publication constante de nouvelles options, font de HD&nbsp;SportSuite un succ\u00e8s international. Nos clients am\u00e9liorent leur jeu dans tous les domaines.<\/p>\n","protected":false},"author":3,"featured_media":1283,"parent":48149,"menu_order":4,"comment_status":"closed","ping_status":"closed","template":"page-top-level.php","meta":{"_acf_changed":false,"footnotes":""},"class_list":["post-48661","page","type-page","status-publish","has-post-thumbnail","hentry"],"acf":[],"_links":{"self":[{"href":"https:\/\/hdsportsuite.com\/fr\/wp-json\/wp\/v2\/pages\/48661","targetHints":{"allow":["GET"]}}],"collection":[{"href":"https:\/\/hdsportsuite.com\/fr\/wp-json\/wp\/v2\/pages"}],"about":[{"href":"https:\/\/hdsportsuite.com\/fr\/wp-json\/wp\/v2\/types\/page"}],"author":[{"embeddable":true,"href":"https:\/\/hdsportsuite.com\/fr\/wp-json\/wp\/v2\/users\/3"}],"replies":[{"embeddable":true,"href":"https:\/\/hdsportsuite.com\/fr\/wp-json\/wp\/v2\/comments?post=48661"}],"version-history":[{"count":0,"href":"https:\/\/hdsportsuite.com\/fr\/wp-json\/wp\/v2\/pages\/48661\/revisions"}],"up":[{"embeddable":true,"href":"https:\/\/hdsportsuite.com\/fr\/wp-json\/wp\/v2\/pages\/48149"}],"wp:featuredmedia":[{"embeddable":true,"href":"https:\/\/hdsportsuite.com\/fr\/wp-json\/wp\/v2\/media\/1283"}],"wp:attachment":[{"href":"https:\/\/hdsportsuite.com\/fr\/wp-json\/wp\/v2\/media?parent=48661"}],"curies":[{"name":"wp","href":"https:\/\/api.w.org\/{rel}","templated":true}]}}