{"id":58061,"date":"2024-07-11T07:20:06","date_gmt":"2024-07-11T11:20:06","guid":{"rendered":"https:\/\/hdsportsuite.com\/?page_id=58061"},"modified":"2024-09-26T11:25:54","modified_gmt":"2024-09-26T15:25:54","slug":"le-terrain-de-jeu-supreme-de-votre-clientele","status":"publish","type":"page","link":"https:\/\/hdsportsuite.com\/fr\/commercial\/le-terrain-de-jeu-supreme-de-votre-clientele\/","title":{"rendered":"Le terrain de jeu supr\u00eame de votre client\u00e8le!"},"content":{"rendered":"\n<h2 class=\"wp-block-heading\">Des avantages pour tous les objectifs commerciaux!\u00a0<\/h2>\n\n\n\n<p>HD&nbsp;SportSuite transforme une salle ordinaire en une exp\u00e9rience extraordinaire pour vos h\u00f4tes. Jouez \u00e0 plus de 30&nbsp;sports et jeux et captivez vos h\u00f4tes gr\u00e2ce \u00e0 une exp\u00e9rience multijoueur \u00e9tonnante. Les niveaux de difficult\u00e9 r\u00e9glables permettent aux joueurs de tous \u00e2ges et de toutes capacit\u00e9s athl\u00e9tiques de s\u2019amuser. C\u2019est du plaisir \u00e0 la demande, adapt\u00e9 \u00e0 tous les go\u00fbts!<\/p>\n","protected":false},"excerpt":{"rendered":"<p>Des avantages pour tous les objectifs commerciaux!\u00a0 HD&nbsp;SportSuite transforme une salle ordinaire en une exp\u00e9rience extraordinaire pour vos h\u00f4tes. Jouez \u00e0 plus de 30&nbsp;sports et jeux et captivez vos h\u00f4tes gr\u00e2ce \u00e0 une exp\u00e9rience multijoueur \u00e9tonnante. Les niveaux de difficult\u00e9 r\u00e9glables permettent aux joueurs de tous \u00e2ges et de toutes capacit\u00e9s athl\u00e9tiques de s\u2019amuser. C\u2019est [&hellip;]<\/p>\n","protected":false},"author":2,"featured_media":51394,"parent":48163,"menu_order":0,"comment_status":"closed","ping_status":"closed","template":"page-top-level.php","meta":{"_acf_changed":false,"footnotes":""},"class_list":["post-58061","page","type-page","status-publish","has-post-thumbnail","hentry"],"acf":[],"_links":{"self":[{"href":"https:\/\/hdsportsuite.com\/fr\/wp-json\/wp\/v2\/pages\/58061","targetHints":{"allow":["GET"]}}],"collection":[{"href":"https:\/\/hdsportsuite.com\/fr\/wp-json\/wp\/v2\/pages"}],"about":[{"href":"https:\/\/hdsportsuite.com\/fr\/wp-json\/wp\/v2\/types\/page"}],"author":[{"embeddable":true,"href":"https:\/\/hdsportsuite.com\/fr\/wp-json\/wp\/v2\/users\/2"}],"replies":[{"embeddable":true,"href":"https:\/\/hdsportsuite.com\/fr\/wp-json\/wp\/v2\/comments?post=58061"}],"version-history":[{"count":0,"href":"https:\/\/hdsportsuite.com\/fr\/wp-json\/wp\/v2\/pages\/58061\/revisions"}],"up":[{"embeddable":true,"href":"https:\/\/hdsportsuite.com\/fr\/wp-json\/wp\/v2\/pages\/48163"}],"wp:featuredmedia":[{"embeddable":true,"href":"https:\/\/hdsportsuite.com\/fr\/wp-json\/wp\/v2\/media\/51394"}],"wp:attachment":[{"href":"https:\/\/hdsportsuite.com\/fr\/wp-json\/wp\/v2\/media?parent=58061"}],"curies":[{"name":"wp","href":"https:\/\/api.w.org\/{rel}","templated":true}]}}