{"id":58137,"date":"2024-07-11T07:47:51","date_gmt":"2024-07-11T11:47:51","guid":{"rendered":"https:\/\/hdsportsuite.com\/?page_id=58137"},"modified":"2024-09-26T14:52:23","modified_gmt":"2024-09-26T18:52:23","slug":"votre-terrain-de-jeu-supreme","status":"publish","type":"page","link":"https:\/\/hdsportsuite.com\/fr\/residentiel\/votre-terrain-de-jeu-supreme\/","title":{"rendered":"Votre terrain de jeu supr\u00eame"},"content":{"rendered":"\n<h2 class=\"wp-block-heading\">Laissez toute la famille en profiter!<\/h2>\n\n\n\n<p>HD&nbsp;SportSuite transforme une salle ordinaire en une exp\u00e9rience extraordinaire!<\/p>\n\n\n\n<p>Avec plus de 30&nbsp;sports et jeux \u00e0 la demande, captivez toute la famille avec une vaste exp\u00e9rience multijoueur. Les niveaux de difficult\u00e9 r\u00e9glables permettent aux joueurs de tous \u00e2ges et de toutes capacit\u00e9s athl\u00e9tiques de s\u2019amuser. Un jeu adaptable pour un plaisir accessible!<\/p>\n","protected":false},"excerpt":{"rendered":"<p>Laissez toute la famille en profiter! HD&nbsp;SportSuite transforme une salle ordinaire en une exp\u00e9rience extraordinaire! Avec plus de 30&nbsp;sports et jeux \u00e0 la demande, captivez toute la famille avec une vaste exp\u00e9rience multijoueur. Les niveaux de difficult\u00e9 r\u00e9glables permettent aux joueurs de tous \u00e2ges et de toutes capacit\u00e9s athl\u00e9tiques de s\u2019amuser. Un jeu adaptable pour [&hellip;]<\/p>\n","protected":false},"author":2,"featured_media":51404,"parent":48159,"menu_order":4,"comment_status":"closed","ping_status":"closed","template":"page-top-level.php","meta":{"_acf_changed":false,"footnotes":""},"class_list":["post-58137","page","type-page","status-publish","has-post-thumbnail","hentry"],"acf":[],"_links":{"self":[{"href":"https:\/\/hdsportsuite.com\/fr\/wp-json\/wp\/v2\/pages\/58137","targetHints":{"allow":["GET"]}}],"collection":[{"href":"https:\/\/hdsportsuite.com\/fr\/wp-json\/wp\/v2\/pages"}],"about":[{"href":"https:\/\/hdsportsuite.com\/fr\/wp-json\/wp\/v2\/types\/page"}],"author":[{"embeddable":true,"href":"https:\/\/hdsportsuite.com\/fr\/wp-json\/wp\/v2\/users\/2"}],"replies":[{"embeddable":true,"href":"https:\/\/hdsportsuite.com\/fr\/wp-json\/wp\/v2\/comments?post=58137"}],"version-history":[{"count":0,"href":"https:\/\/hdsportsuite.com\/fr\/wp-json\/wp\/v2\/pages\/58137\/revisions"}],"up":[{"embeddable":true,"href":"https:\/\/hdsportsuite.com\/fr\/wp-json\/wp\/v2\/pages\/48159"}],"wp:featuredmedia":[{"embeddable":true,"href":"https:\/\/hdsportsuite.com\/fr\/wp-json\/wp\/v2\/media\/51404"}],"wp:attachment":[{"href":"https:\/\/hdsportsuite.com\/fr\/wp-json\/wp\/v2\/media?parent=58137"}],"curies":[{"name":"wp","href":"https:\/\/api.w.org\/{rel}","templated":true}]}}